{"id":626,"date":"2026-02-12T15:33:34","date_gmt":"2026-02-12T20:33:34","guid":{"rendered":"http:\/\/ticxar.com\/?page_id=626"},"modified":"2026-04-13T10:59:42","modified_gmt":"2026-04-13T15:59:42","slug":"api-manager-wso2","status":"publish","type":"page","link":"http:\/\/ticxar.com\/en\/api-manager-wso2\/","title":{"rendered":"API Manager &#8211; WSO2"},"content":{"rendered":"<style>.kb-row-layout-id626_5fd5a8-b5 > .kt-row-column-wrap{align-content:start;}:where(.kb-row-layout-id626_5fd5a8-b5 > .kt-row-column-wrap) > .wp-block-kadence-column{justify-content:start;}.kb-row-layout-id626_5fd5a8-b5 > .kt-row-column-wrap{column-gap:var(--global-kb-gap-md, 2rem);row-gap:var(--global-kb-gap-md, 2rem);max-width:1200px;margin-left:auto;margin-right:auto;padding-top:var(--global-kb-spacing-3xl, 6.5rem);padding-right:var(--global-kb-spacing-lg, 3rem);padding-bottom:var(--global-kb-spacing-3xl, 6.5rem);padding-left:var(--global-kb-spacing-lg, 3rem);grid-template-columns:minmax(0, 1fr);}.kb-row-layout-id626_5fd5a8-b5{background-color:rgba(255,165,145,0.17);background-image:url('http:\/\/ticxar.com\/wp-content\/uploads\/2026\/04\/banner-Api-manager.png');background-size:cover;background-position:81% 70%;background-attachment:scroll;background-repeat:no-repeat;}.kb-row-layout-id626_5fd5a8-b5 > .kt-row-layout-overlay{opacity:0.30;}@media all and (max-width: 1024px){.kb-row-layout-id626_5fd5a8-b5 > .kt-row-column-wrap{grid-template-columns:minmax(0, 1fr);}}@media all and (max-width: 767px){.kb-row-layout-id626_5fd5a8-b5 > .kt-row-column-wrap{padding-top:var(--global-kb-spacing-md, 2rem);padding-right:var(--global-kb-spacing-sm, 1.5rem);padding-bottom:var(--global-kb-spacing-md, 2rem);padding-left:var(--global-kb-spacing-sm, 1.5rem);grid-template-columns:minmax(0, 1fr);}}<\/style><div class=\"kb-row-layout-wrap kb-row-layout-id626_5fd5a8-b5 alignwide kt-row-has-bg wp-block-kadence-rowlayout\"><div class=\"kt-row-column-wrap kt-has-1-columns kt-row-layout-equal kt-tab-layout-inherit kt-mobile-layout-row kt-row-valign-top\">\n<style>.kadence-column626_fb1df2-15 > .kt-inside-inner-col{display:flex;}.kadence-column626_fb1df2-15 > .kt-inside-inner-col,.kadence-column626_fb1df2-15 > .kt-inside-inner-col:before{border-top-left-radius:0px;border-top-right-radius:0px;border-bottom-right-radius:0px;border-bottom-left-radius:0px;}.kadence-column626_fb1df2-15 > .kt-inside-inner-col{column-gap:var(--global-kb-gap-sm, 1rem);}.kadence-column626_fb1df2-15 > .kt-inside-inner-col{flex-direction:column;justify-content:center;align-items:center;}.kadence-column626_fb1df2-15 > .kt-inside-inner-col > .kb-image-is-ratio-size{align-self:stretch;}.kadence-column626_fb1df2-15 > .kt-inside-inner-col > .wp-block-kadence-advancedgallery{align-self:stretch;}.kadence-column626_fb1df2-15 > .kt-inside-inner-col > .aligncenter{width:100%;}.kt-row-column-wrap > .kadence-column626_fb1df2-15{align-self:center;}.kt-inner-column-height-full:not(.kt-has-1-columns) > .wp-block-kadence-column.kadence-column626_fb1df2-15{align-self:auto;}.kt-inner-column-height-full:not(.kt-has-1-columns) > .wp-block-kadence-column.kadence-column626_fb1df2-15 > .kt-inside-inner-col{flex-direction:column;justify-content:center;}.kadence-column626_fb1df2-15 > .kt-inside-inner-col:before{opacity:0.3;}.kadence-column626_fb1df2-15{position:relative;}@media all and (max-width: 1024px){.kt-row-column-wrap > .kadence-column626_fb1df2-15{align-self:center;}}@media all and (max-width: 1024px){.kt-inner-column-height-full:not(.kt-has-1-columns) > .wp-block-kadence-column.kadence-column626_fb1df2-15{align-self:auto;}}@media all and (max-width: 1024px){.kt-inner-column-height-full:not(.kt-has-1-columns) > .wp-block-kadence-column.kadence-column626_fb1df2-15 > .kt-inside-inner-col{flex-direction:column;justify-content:center;}}@media all and (max-width: 1024px){.kadence-column626_fb1df2-15 > .kt-inside-inner-col{flex-direction:column;justify-content:center;align-items:center;}}@media all and (max-width: 767px){.kt-row-column-wrap > .kadence-column626_fb1df2-15{align-self:center;}.kt-inner-column-height-full:not(.kt-has-1-columns) > .wp-block-kadence-column.kadence-column626_fb1df2-15{align-self:auto;}.kt-inner-column-height-full:not(.kt-has-1-columns) > .wp-block-kadence-column.kadence-column626_fb1df2-15 > .kt-inside-inner-col{flex-direction:column;justify-content:center;}.kadence-column626_fb1df2-15 > .kt-inside-inner-col{flex-direction:column;justify-content:center;align-items:center;}}<\/style>\n<div class=\"wp-block-kadence-column kadence-column626_fb1df2-15\"><div class=\"kt-inside-inner-col\">\n<figure class=\"wp-block-image size-full is-resized\" style=\"margin-top:0;margin-right:0;margin-bottom:0;margin-left:0\"><img decoding=\"async\" src=\"http:\/\/ticxar.com\/wp-content\/uploads\/2026\/04\/Api-manager-logo.png\" alt=\"\" class=\"wp-image-1084\" style=\"aspect-ratio:3.9395635142697256;width:327px;height:auto\"\/><\/figure>\n\n\n\n<p class=\"has-text-align-center has-theme-palette-9-color has-text-color has-link-color has-medium-font-size wp-elements-921235c065142f2495285cb10dea4458\"><strong><br><\/strong>WSO2 API Manager es una soluci\u00f3n de c\u00f3digo&nbsp;abierto que permite el desarrollo de las aplicaciones, gestionar el ciclo de vida las APIs, controlar el acceso, y analizar la informaci\u00f3n en un sistema completamente integrado.<\/p>\n<\/div><\/div>\n\n<\/div><\/div>\n\n<style>.kb-row-layout-id626_fd0029-50 > .kt-row-column-wrap{align-content:center;}:where(.kb-row-layout-id626_fd0029-50 > .kt-row-column-wrap) > .wp-block-kadence-column{justify-content:center;}.kb-row-layout-id626_fd0029-50 > .kt-row-column-wrap{column-gap:var(--global-kb-gap-md, 2rem);row-gap:var(--global-kb-gap-md, 2rem);max-width:var( --global-content-width, 1290px );padding-left:var(--global-content-edge-padding);padding-right:var(--global-content-edge-padding);padding-top:var(--global-kb-spacing-sm, 1.5rem);padding-bottom:var(--global-kb-spacing-sm, 1.5rem);grid-template-columns:minmax(0, 1fr) minmax(0, 2fr);}.kb-row-layout-id626_fd0029-50 > .kt-row-layout-overlay{opacity:0.30;}@media all and (max-width: 1024px){.kb-row-layout-id626_fd0029-50 > .kt-row-column-wrap{grid-template-columns:minmax(0, 1fr) minmax(0, 2fr);}}@media all and (max-width: 767px){.kb-row-layout-id626_fd0029-50 > .kt-row-column-wrap{padding-right:0px;padding-left:0px;grid-template-columns:minmax(0, 1fr);}.kb-row-layout-id626_fd0029-50 > .kt-row-column-wrap > .wp-block-kadence-column:nth-child(1 of *:not(style)){order:2;}.kb-row-layout-id626_fd0029-50 > .kt-row-column-wrap > .wp-block-kadence-column:nth-child(2 of *:not(style)){order:1;}.kb-row-layout-id626_fd0029-50 > .kt-row-column-wrap > .wp-block-kadence-column:nth-child(3 of *:not(style)){order:12;}.kb-row-layout-id626_fd0029-50 > .kt-row-column-wrap > .wp-block-kadence-column:nth-child(4 of *:not(style)){order:11;}.kb-row-layout-id626_fd0029-50 > .kt-row-column-wrap > .wp-block-kadence-column:nth-child(5 of *:not(style)){order:22;}.kb-row-layout-id626_fd0029-50 > .kt-row-column-wrap > .wp-block-kadence-column:nth-child(6 of *:not(style)){order:21;}.kb-row-layout-id626_fd0029-50 > .kt-row-column-wrap > .wp-block-kadence-column:nth-child(7 of *:not(style)){order:32;}.kb-row-layout-id626_fd0029-50 > .kt-row-column-wrap > .wp-block-kadence-column:nth-child(8 of *:not(style)){order:31;}}<\/style><div class=\"kb-row-layout-wrap kb-row-layout-id626_fd0029-50 alignnone wp-block-kadence-rowlayout\"><div class=\"kt-row-column-wrap kt-has-2-columns kt-row-layout-right-golden kt-tab-layout-inherit kt-mobile-layout-row kt-row-valign-middle kb-theme-content-width\">\n<style>.kadence-column626_0e6015-db > .kt-inside-inner-col,.kadence-column626_0e6015-db > .kt-inside-inner-col:before{border-top-left-radius:0px;border-top-right-radius:0px;border-bottom-right-radius:0px;border-bottom-left-radius:0px;}.kadence-column626_0e6015-db > .kt-inside-inner-col{column-gap:var(--global-kb-gap-sm, 1rem);}.kadence-column626_0e6015-db > .kt-inside-inner-col{flex-direction:column;}.kadence-column626_0e6015-db > .kt-inside-inner-col > .aligncenter{width:100%;}.kadence-column626_0e6015-db > .kt-inside-inner-col:before{opacity:0.3;}.kadence-column626_0e6015-db{position:relative;}@media all and (max-width: 1024px){.kadence-column626_0e6015-db > .kt-inside-inner-col{flex-direction:column;justify-content:center;}}@media all and (max-width: 767px){.kadence-column626_0e6015-db > .kt-inside-inner-col{flex-direction:column;justify-content:center;}}<\/style>\n<div class=\"wp-block-kadence-column kadence-column626_0e6015-db\"><div class=\"kt-inside-inner-col\"><div class=\"wp-block-image\">\n<figure class=\"aligncenter size-full\"><img decoding=\"async\" src=\"http:\/\/ticxar.com\/wp-content\/uploads\/2026\/02\/Group-1000001778.png\" alt=\"\" class=\"wp-image-632\"\/><\/figure>\n<\/div><\/div><\/div>\n\n\n<style>.kadence-column626_275a1d-f8 > .kt-inside-inner-col,.kadence-column626_275a1d-f8 > .kt-inside-inner-col:before{border-top-left-radius:0px;border-top-right-radius:0px;border-bottom-right-radius:0px;border-bottom-left-radius:0px;}.kadence-column626_275a1d-f8 > .kt-inside-inner-col{column-gap:var(--global-kb-gap-sm, 1rem);}.kadence-column626_275a1d-f8 > .kt-inside-inner-col{flex-direction:column;}.kadence-column626_275a1d-f8 > .kt-inside-inner-col > .aligncenter{width:100%;}.kadence-column626_275a1d-f8 > .kt-inside-inner-col:before{opacity:0.3;}.kadence-column626_275a1d-f8{position:relative;}@media all and (max-width: 1024px){.kadence-column626_275a1d-f8 > .kt-inside-inner-col{flex-direction:column;justify-content:center;}}@media all and (max-width: 767px){.kadence-column626_275a1d-f8 > .kt-inside-inner-col{flex-direction:column;justify-content:center;}}<\/style>\n<div class=\"wp-block-kadence-column kadence-column626_275a1d-f8\"><div class=\"kt-inside-inner-col\">\n<p>Sus capacidades de integraci\u00f3n h\u00edbrida simplifican proyectos que abarcan entornos tradicionales, ofreciendo servicios digitales robustos, basados en microservicios para satisfacer la demanda actual del mercado. WSO2 ofrece una soluci\u00f3n de gesti\u00f3n de APIs Cloud Native, que logra flexibilidad, escalabilidad de microservicios, contenedores y orquestaci\u00f3n, permite extensibilidad, personalizaci\u00f3n y evita el bloqueo por parte de los fabricantes del producto.<br><br>Las pol\u00edticas de gesti\u00f3n de APIs permite a las organizaciones autenticar y autorizar solicitudes desde cualquier tipo de dispositivo, conect\u00e1ndose a servidores con arquitecturas tradicionales o basadas en microservicios<\/p>\n<\/div><\/div>\n\n<\/div><\/div>\n\n<style>.kb-row-layout-id626_ee9380-2b > .kt-row-column-wrap{align-content:start;}:where(.kb-row-layout-id626_ee9380-2b > .kt-row-column-wrap) > .wp-block-kadence-column{justify-content:start;}.kb-row-layout-id626_ee9380-2b > .kt-row-column-wrap{column-gap:var(--global-kb-gap-md, 2rem);row-gap:var(--global-kb-gap-md, 2rem);max-width:var( --global-content-width, 1290px );padding-left:var(--global-content-edge-padding);padding-right:var(--global-content-edge-padding);padding-top:var(--global-kb-spacing-sm, 1.5rem);padding-bottom:var(--global-kb-spacing-sm, 1.5rem);grid-template-columns:minmax(0, 1fr);}.kb-row-layout-id626_ee9380-2b{background-image:url('http:\/\/ticxar.com\/wp-content\/uploads\/2026\/03\/grafico-tecn.png');background-size:cover;background-position:center center;background-attachment:scroll;background-repeat:no-repeat;}.kb-row-layout-id626_ee9380-2b > .kt-row-layout-overlay{opacity:0.30;}@media all and (max-width: 1024px){.kb-row-layout-id626_ee9380-2b > .kt-row-column-wrap{grid-template-columns:minmax(0, 1fr);}}@media all and (max-width: 767px){.kb-row-layout-id626_ee9380-2b > .kt-row-column-wrap{padding-right:0px;padding-left:0px;grid-template-columns:minmax(0, 1fr);}}<\/style><div class=\"kb-row-layout-wrap kb-row-layout-id626_ee9380-2b alignnone kt-row-has-bg wp-block-kadence-rowlayout\"><div class=\"kt-row-column-wrap kt-has-1-columns kt-row-layout-equal kt-tab-layout-inherit kt-mobile-layout-row kt-row-valign-top kb-theme-content-width\">\n<style>.kadence-column626_4f3001-76 > .kt-inside-inner-col,.kadence-column626_4f3001-76 > .kt-inside-inner-col:before{border-top-left-radius:0px;border-top-right-radius:0px;border-bottom-right-radius:0px;border-bottom-left-radius:0px;}.kadence-column626_4f3001-76 > .kt-inside-inner-col{column-gap:var(--global-kb-gap-sm, 1rem);}.kadence-column626_4f3001-76 > .kt-inside-inner-col{flex-direction:column;}.kadence-column626_4f3001-76 > .kt-inside-inner-col > .aligncenter{width:100%;}.kadence-column626_4f3001-76 > .kt-inside-inner-col:before{opacity:0.3;}.kadence-column626_4f3001-76{position:relative;}@media all and (max-width: 1024px){.kadence-column626_4f3001-76 > .kt-inside-inner-col{flex-direction:column;justify-content:center;}}@media all and (max-width: 767px){.kadence-column626_4f3001-76 > .kt-inside-inner-col{padding-right:0px;padding-left:0px;flex-direction:column;justify-content:center;}}<\/style>\n<div class=\"wp-block-kadence-column kadence-column626_4f3001-76\"><div class=\"kt-inside-inner-col\">\n<h2 class=\"wp-block-heading\">WSO2 API Manager le permite:<\/h2>\n\n\n\n<ul class=\"wp-block-list\">\n<li>Gestionar todo el ciclo de vida de las APIs, desde su dise\u00f1o hasta su implementaci\u00f3n.<\/li>\n\n\n\n<li>Monitorear los sistemas, analizando cada peticiones que recibe, detectando anomal\u00edas y fraudes de acceso.<\/li>\n\n\n\n<li>Generar nuevas fuentes de ingresos mediante la monetizaci\u00f3n de nuevos productos y servicios.<\/li>\n\n\n\n<li>Conocer el comportamiento de los clientes.<\/li>\n\n\n\n<li>Analizar y optimizar los servicios con cada acci\u00f3n y cada dato que se recopila.<\/li>\n\n\n\n<li>Tomar mejores decisiones con datos sobre la utilizaci\u00f3n de las API.<\/li>\n\n\n\n<li>Asegurar datos y sistemas de informaci\u00f3n.<\/li>\n\n\n\n<li>Acelerar el proceso de desarrollo de software.<\/li>\n<\/ul>\n<\/div><\/div>\n\n<\/div><\/div>","protected":false},"excerpt":{"rendered":"<p>WSO2 API Manager es una soluci\u00f3n de c\u00f3digo&nbsp;abierto que permite el desarrollo de las aplicaciones, gestionar el ciclo de vida las APIs, controlar el acceso, y analizar la informaci\u00f3n en un sistema completamente integrado. Sus capacidades de integraci\u00f3n h\u00edbrida simplifican proyectos que abarcan entornos tradicionales, ofreciendo servicios digitales robustos, basados en microservicios para satisfacer la&#8230;<\/p>","protected":false},"author":1,"featured_media":0,"parent":0,"menu_order":0,"comment_status":"closed","ping_status":"closed","template":"","meta":{"_kad_post_transparent":"","_kad_post_title":"","_kad_post_layout":"fullwidth","_kad_post_sidebar_id":"","_kad_post_content_style":"","_kad_post_vertical_padding":"","_kad_post_feature":"","_kad_post_feature_position":"","_kad_post_header":false,"_kad_post_footer":false,"_kad_post_classname":"","footnotes":""},"class_list":["post-626","page","type-page","status-publish","hentry"],"_links":{"self":[{"href":"http:\/\/ticxar.com\/en\/wp-json\/wp\/v2\/pages\/626","targetHints":{"allow":["GET"]}}],"collection":[{"href":"http:\/\/ticxar.com\/en\/wp-json\/wp\/v2\/pages"}],"about":[{"href":"http:\/\/ticxar.com\/en\/wp-json\/wp\/v2\/types\/page"}],"author":[{"embeddable":true,"href":"http:\/\/ticxar.com\/en\/wp-json\/wp\/v2\/users\/1"}],"replies":[{"embeddable":true,"href":"http:\/\/ticxar.com\/en\/wp-json\/wp\/v2\/comments?post=626"}],"version-history":[{"count":14,"href":"http:\/\/ticxar.com\/en\/wp-json\/wp\/v2\/pages\/626\/revisions"}],"predecessor-version":[{"id":1244,"href":"http:\/\/ticxar.com\/en\/wp-json\/wp\/v2\/pages\/626\/revisions\/1244"}],"wp:attachment":[{"href":"http:\/\/ticxar.com\/en\/wp-json\/wp\/v2\/media?parent=626"}],"curies":[{"name":"wp","href":"https:\/\/api.w.org\/{rel}","templated":true}]}}