{"id":770,"date":"2026-02-17T09:54:02","date_gmt":"2026-02-17T14:54:02","guid":{"rendered":"http:\/\/ticxar.com\/?page_id=770"},"modified":"2026-04-13T10:54:25","modified_gmt":"2026-04-13T15:54:25","slug":"42crunch-2","status":"publish","type":"page","link":"http:\/\/ticxar.com\/en\/42crunch-2\/","title":{"rendered":"42Crunch"},"content":{"rendered":"<style>.kb-row-layout-id770_51380c-cf > .kt-row-column-wrap{align-content:start;}:where(.kb-row-layout-id770_51380c-cf > .kt-row-column-wrap) > .wp-block-kadence-column{justify-content:start;}.kb-row-layout-id770_51380c-cf > .kt-row-column-wrap{column-gap:var(--global-kb-gap-md, 2rem);row-gap:var(--global-kb-gap-md, 2rem);max-width:var( --global-content-width, 1290px );padding-left:var(--global-content-edge-padding);padding-right:var(--global-content-edge-padding);padding-top:var(--global-kb-spacing-3xl, 6.5rem);padding-right:var(--global-kb-spacing-lg, 3rem);padding-bottom:var(--global-kb-spacing-3xl, 6.5rem);padding-left:var(--global-kb-spacing-lg, 3rem);grid-template-columns:minmax(0, 1fr);}.kb-row-layout-id770_51380c-cf{background-color:rgba(228,206,252,0.5);background-image:url('http:\/\/ticxar.com\/wp-content\/uploads\/2026\/04\/Banner-42Crunch.png');background-size:cover;background-position:81% 70%;background-attachment:scroll;background-repeat:no-repeat;}.kb-row-layout-id770_51380c-cf > .kt-row-layout-overlay{opacity:0.30;}@media all and (max-width: 1024px){.kb-row-layout-id770_51380c-cf > .kt-row-column-wrap{grid-template-columns:minmax(0, 1fr);}}@media all and (max-width: 767px){.kb-row-layout-id770_51380c-cf > .kt-row-column-wrap{padding-top:var(--global-kb-spacing-sm, 1.5rem);padding-right:var(--global-kb-spacing-xs, 1rem);padding-bottom:var(--global-kb-spacing-sm, 1.5rem);padding-left:var(--global-kb-spacing-xs, 1rem);grid-template-columns:minmax(0, 1fr);}}<\/style><div class=\"kb-row-layout-wrap kb-row-layout-id770_51380c-cf alignwide kt-row-has-bg wp-block-kadence-rowlayout\"><div class=\"kt-row-column-wrap kt-has-1-columns kt-row-layout-equal kt-tab-layout-inherit kt-mobile-layout-row kt-row-valign-top kb-theme-content-width\">\n<style>.kadence-column770_a2a643-54 > .kt-inside-inner-col{display:flex;}.kadence-column770_a2a643-54 > .kt-inside-inner-col,.kadence-column770_a2a643-54 > .kt-inside-inner-col:before{border-top-left-radius:0px;border-top-right-radius:0px;border-bottom-right-radius:0px;border-bottom-left-radius:0px;}.kadence-column770_a2a643-54 > .kt-inside-inner-col{column-gap:var(--global-kb-gap-sm, 1rem);}.kadence-column770_a2a643-54 > .kt-inside-inner-col{flex-direction:column;justify-content:center;align-items:center;}.kadence-column770_a2a643-54 > .kt-inside-inner-col > .kb-image-is-ratio-size{align-self:stretch;}.kadence-column770_a2a643-54 > .kt-inside-inner-col > .wp-block-kadence-advancedgallery{align-self:stretch;}.kadence-column770_a2a643-54 > .kt-inside-inner-col > .aligncenter{width:100%;}.kt-row-column-wrap > .kadence-column770_a2a643-54{align-self:center;}.kt-inner-column-height-full:not(.kt-has-1-columns) > .wp-block-kadence-column.kadence-column770_a2a643-54{align-self:auto;}.kt-inner-column-height-full:not(.kt-has-1-columns) > .wp-block-kadence-column.kadence-column770_a2a643-54 > .kt-inside-inner-col{flex-direction:column;justify-content:center;}.kadence-column770_a2a643-54 > .kt-inside-inner-col:before{opacity:0.3;}.kadence-column770_a2a643-54{position:relative;}@media all and (max-width: 1024px){.kt-row-column-wrap > .kadence-column770_a2a643-54{align-self:center;}}@media all and (max-width: 1024px){.kt-inner-column-height-full:not(.kt-has-1-columns) > .wp-block-kadence-column.kadence-column770_a2a643-54{align-self:auto;}}@media all and (max-width: 1024px){.kt-inner-column-height-full:not(.kt-has-1-columns) > .wp-block-kadence-column.kadence-column770_a2a643-54 > .kt-inside-inner-col{flex-direction:column;justify-content:center;}}@media all and (max-width: 1024px){.kadence-column770_a2a643-54 > .kt-inside-inner-col{flex-direction:column;justify-content:center;align-items:center;}}@media all and (max-width: 767px){.kt-row-column-wrap > .kadence-column770_a2a643-54{align-self:center;}.kt-inner-column-height-full:not(.kt-has-1-columns) > .wp-block-kadence-column.kadence-column770_a2a643-54{align-self:auto;}.kt-inner-column-height-full:not(.kt-has-1-columns) > .wp-block-kadence-column.kadence-column770_a2a643-54 > .kt-inside-inner-col{flex-direction:column;justify-content:center;}.kadence-column770_a2a643-54 > .kt-inside-inner-col{flex-direction:column;justify-content:center;align-items:center;}}<\/style>\n<div class=\"wp-block-kadence-column kadence-column770_a2a643-54\"><div class=\"kt-inside-inner-col\">\n<figure class=\"wp-block-image size-full is-resized\"><img decoding=\"async\" src=\"http:\/\/ticxar.com\/wp-content\/uploads\/2026\/04\/42crunch-blanco.png\" alt=\"\" class=\"wp-image-1126\" style=\"width:326px;height:auto\"\/><\/figure>\n\n\n\n<p class=\"has-text-align-center has-theme-palette-9-color has-text-color has-link-color has-medium-font-size wp-elements-50a9e2c3716b028e54a488bdc1913a7a\">ARO; en el contexto de Microsoft se refiere principalmente a&nbsp;Azure Red Hat OpenShift, un servicio gestionado en la nube que combina la plataforma Kubernetes de Red Hat OpenShift con la infraestructura de Microsoft Azure para la gesti\u00f3n de aplicaciones nativas en la nube, siendo una soluci\u00f3n de nivel empresarial para contenedores.<\/p>\n<\/div><\/div>\n\n<\/div><\/div>\n\n<style>.kb-row-layout-id770_aff21e-47 > .kt-row-column-wrap{align-content:center;}:where(.kb-row-layout-id770_aff21e-47 > .kt-row-column-wrap) > .wp-block-kadence-column{justify-content:center;}.kb-row-layout-id770_aff21e-47 > .kt-row-column-wrap{column-gap:var(--global-kb-gap-md, 2rem);row-gap:var(--global-kb-gap-md, 2rem);max-width:var( --global-content-width, 1290px );padding-left:var(--global-content-edge-padding);padding-right:var(--global-content-edge-padding);padding-top:var(--global-kb-spacing-sm, 1.5rem);padding-bottom:var(--global-kb-spacing-sm, 1.5rem);grid-template-columns:minmax(0, calc(45% - ((var(--global-kb-gap-md, 2rem) * 1 )\/2)))minmax(0, calc(55% - ((var(--global-kb-gap-md, 2rem) * 1 )\/2)));}.kb-row-layout-id770_aff21e-47 > .kt-row-layout-overlay{opacity:0.30;}@media all and (max-width: 1024px){.kb-row-layout-id770_aff21e-47 > .kt-row-column-wrap{grid-template-columns:minmax(0, 1fr) minmax(0, 2fr);}}@media all and (max-width: 767px){.kb-row-layout-id770_aff21e-47 > .kt-row-column-wrap{padding-right:0px;padding-left:0px;grid-template-columns:minmax(0, 1fr);}.kb-row-layout-id770_aff21e-47 > .kt-row-column-wrap > .wp-block-kadence-column:nth-child(1 of *:not(style)){order:2;}.kb-row-layout-id770_aff21e-47 > .kt-row-column-wrap > .wp-block-kadence-column:nth-child(2 of *:not(style)){order:1;}.kb-row-layout-id770_aff21e-47 > .kt-row-column-wrap > .wp-block-kadence-column:nth-child(3 of *:not(style)){order:12;}.kb-row-layout-id770_aff21e-47 > .kt-row-column-wrap > .wp-block-kadence-column:nth-child(4 of *:not(style)){order:11;}.kb-row-layout-id770_aff21e-47 > .kt-row-column-wrap > .wp-block-kadence-column:nth-child(5 of *:not(style)){order:22;}.kb-row-layout-id770_aff21e-47 > .kt-row-column-wrap > .wp-block-kadence-column:nth-child(6 of *:not(style)){order:21;}.kb-row-layout-id770_aff21e-47 > .kt-row-column-wrap > .wp-block-kadence-column:nth-child(7 of *:not(style)){order:32;}.kb-row-layout-id770_aff21e-47 > .kt-row-column-wrap > .wp-block-kadence-column:nth-child(8 of *:not(style)){order:31;}}<\/style><div class=\"kb-row-layout-wrap kb-row-layout-id770_aff21e-47 alignnone wp-block-kadence-rowlayout\"><div class=\"kt-row-column-wrap kt-has-2-columns kt-row-layout-right-golden kt-tab-layout-inherit kt-mobile-layout-row kt-row-valign-middle kb-theme-content-width\">\n<style>.kadence-column770_07cb67-1e > .kt-inside-inner-col,.kadence-column770_07cb67-1e > .kt-inside-inner-col:before{border-top-left-radius:0px;border-top-right-radius:0px;border-bottom-right-radius:0px;border-bottom-left-radius:0px;}.kadence-column770_07cb67-1e > .kt-inside-inner-col{column-gap:var(--global-kb-gap-sm, 1rem);}.kadence-column770_07cb67-1e > .kt-inside-inner-col{flex-direction:column;}.kadence-column770_07cb67-1e > .kt-inside-inner-col > .aligncenter{width:100%;}.kadence-column770_07cb67-1e > .kt-inside-inner-col:before{opacity:0.3;}.kadence-column770_07cb67-1e{position:relative;}@media all and (max-width: 1024px){.kadence-column770_07cb67-1e > .kt-inside-inner-col{flex-direction:column;justify-content:center;}}@media all and (max-width: 767px){.kadence-column770_07cb67-1e > .kt-inside-inner-col{flex-direction:column;justify-content:center;}}<\/style>\n<div class=\"wp-block-kadence-column kadence-column770_07cb67-1e\"><div class=\"kt-inside-inner-col\">\n<figure class=\"wp-block-image size-full\"><img decoding=\"async\" src=\"http:\/\/ticxar.com\/wp-content\/uploads\/2026\/02\/42C_UI_8_22-13-768x420-1.png\" alt=\"\" class=\"wp-image-779\"\/><\/figure>\n<\/div><\/div>\n\n\n<style>.kadence-column770_3cb537-ab > .kt-inside-inner-col,.kadence-column770_3cb537-ab > .kt-inside-inner-col:before{border-top-left-radius:0px;border-top-right-radius:0px;border-bottom-right-radius:0px;border-bottom-left-radius:0px;}.kadence-column770_3cb537-ab > .kt-inside-inner-col{column-gap:var(--global-kb-gap-sm, 1rem);}.kadence-column770_3cb537-ab > .kt-inside-inner-col{flex-direction:column;}.kadence-column770_3cb537-ab > .kt-inside-inner-col > .aligncenter{width:100%;}.kadence-column770_3cb537-ab > .kt-inside-inner-col:before{opacity:0.3;}.kadence-column770_3cb537-ab{position:relative;}@media all and (max-width: 1024px){.kadence-column770_3cb537-ab > .kt-inside-inner-col{flex-direction:column;justify-content:center;}}@media all and (max-width: 767px){.kadence-column770_3cb537-ab > .kt-inside-inner-col{flex-direction:column;justify-content:center;}}<\/style>\n<div class=\"wp-block-kadence-column kadence-column770_3cb537-ab\"><div class=\"kt-inside-inner-col\">\n<h2 class=\"wp-block-heading\">CI\/CD 42Crunch API Audit&nbsp;<\/h2>\n\n\n\n<p>Potencia su canal de Integraci\u00f3n Continua y Desarrollo Continuo (CI\/CD) actuando como un linter para realizar un an\u00e1lisis de sus archivos OpenAPI (Swagger).<br><br>Realiza un an\u00e1lisis est\u00e1tico de cada uno de los archivos de definici\u00f3n de OpenAPI ejecutando m\u00e1s de 300 comprobaciones que aplican las mejores pr\u00e1cticas e identifican posibles vulnerabilidades.<br><br>Un informe generado autom\u00e1ticamente identifica cualquier problema, clasificado por gravedad, seg\u00fan diversos criterios como seguridad, validaci\u00f3n de datos, esquemas y formato de especificaci\u00f3n. Tambi\u00e9n ofrece consejos para solucionar estos problemas.<\/p>\n<\/div><\/div>\n\n<\/div><\/div>\n\n<style>.kb-row-layout-id770_f313d1-f9 > .kt-row-column-wrap{align-content:center;}:where(.kb-row-layout-id770_f313d1-f9 > .kt-row-column-wrap) > .wp-block-kadence-column{justify-content:center;}.kb-row-layout-id770_f313d1-f9 > .kt-row-column-wrap{column-gap:var(--global-kb-gap-md, 2rem);row-gap:var(--global-kb-gap-md, 2rem);max-width:var( --global-content-width, 1290px );padding-left:var(--global-content-edge-padding);padding-right:var(--global-content-edge-padding);padding-top:var(--global-kb-spacing-sm, 1.5rem);padding-bottom:var(--global-kb-spacing-sm, 1.5rem);grid-template-columns:minmax(0, calc(45% - ((var(--global-kb-gap-md, 2rem) * 1 )\/2)))minmax(0, calc(55% - ((var(--global-kb-gap-md, 2rem) * 1 )\/2)));}.kb-row-layout-id770_f313d1-f9 > .kt-row-layout-overlay{opacity:0.30;}@media all and (max-width: 1024px){.kb-row-layout-id770_f313d1-f9 > .kt-row-column-wrap{grid-template-columns:minmax(0, 1fr) minmax(0, 2fr);}}@media all and (max-width: 767px){.kb-row-layout-id770_f313d1-f9 > .kt-row-column-wrap{padding-right:0px;padding-left:0px;grid-template-columns:minmax(0, 1fr);}}<\/style><div class=\"kb-row-layout-wrap kb-row-layout-id770_f313d1-f9 alignnone wp-block-kadence-rowlayout\"><div class=\"kt-row-column-wrap kt-has-2-columns kt-row-layout-right-golden kt-tab-layout-inherit kt-mobile-layout-row kt-row-valign-middle kb-theme-content-width\">\n<style>.kadence-column770_2df437-d4 > .kt-inside-inner-col,.kadence-column770_2df437-d4 > .kt-inside-inner-col:before{border-top-left-radius:0px;border-top-right-radius:0px;border-bottom-right-radius:0px;border-bottom-left-radius:0px;}.kadence-column770_2df437-d4 > .kt-inside-inner-col{column-gap:var(--global-kb-gap-sm, 1rem);}.kadence-column770_2df437-d4 > .kt-inside-inner-col{flex-direction:column;}.kadence-column770_2df437-d4 > .kt-inside-inner-col > .aligncenter{width:100%;}.kadence-column770_2df437-d4 > .kt-inside-inner-col:before{opacity:0.3;}.kadence-column770_2df437-d4{position:relative;}@media all and (max-width: 1024px){.kadence-column770_2df437-d4 > .kt-inside-inner-col{flex-direction:column;justify-content:center;}}@media all and (max-width: 767px){.kadence-column770_2df437-d4 > .kt-inside-inner-col{flex-direction:column;justify-content:center;}}<\/style>\n<div class=\"wp-block-kadence-column kadence-column770_2df437-d4\"><div class=\"kt-inside-inner-col\">\n<h2 class=\"wp-block-heading\">Auditor\u00eda de OpenAPI:<\/h2>\n\n\n\n<p>El editor tambi\u00e9n incluye una integraci\u00f3n adicional con la herramienta de auditor\u00eda o linter de 42Crunch,&nbsp;API Audit&nbsp;, que detecta problemas de seguridad, validaci\u00f3n de datos y formato de especificaci\u00f3n desde el editor. La auditor\u00eda se ejecuta dentro de sus IDE favoritos y genera un informe resumido de auditor\u00eda en tiempo real en el mismo entorno. Estos informes de auditor\u00eda permiten a los desarrolladores trabajar de forma m\u00e1s eficiente al identificar r\u00e1pidamente fallos, realizar correcciones masivas y reducir los riesgos de seguridad.<\/p>\n<\/div><\/div>\n\n\n<style>.kadence-column770_cac651-42 > .kt-inside-inner-col,.kadence-column770_cac651-42 > .kt-inside-inner-col:before{border-top-left-radius:0px;border-top-right-radius:0px;border-bottom-right-radius:0px;border-bottom-left-radius:0px;}.kadence-column770_cac651-42 > .kt-inside-inner-col{column-gap:var(--global-kb-gap-sm, 1rem);}.kadence-column770_cac651-42 > .kt-inside-inner-col{flex-direction:column;}.kadence-column770_cac651-42 > .kt-inside-inner-col > .aligncenter{width:100%;}.kadence-column770_cac651-42 > .kt-inside-inner-col:before{opacity:0.3;}.kadence-column770_cac651-42{position:relative;}@media all and (max-width: 1024px){.kadence-column770_cac651-42 > .kt-inside-inner-col{flex-direction:column;justify-content:center;}}@media all and (max-width: 767px){.kadence-column770_cac651-42 > .kt-inside-inner-col{flex-direction:column;justify-content:center;}}<\/style>\n<div class=\"wp-block-kadence-column kadence-column770_cac651-42\"><div class=\"kt-inside-inner-col\">\n<figure class=\"wp-block-image size-full\"><img decoding=\"async\" src=\"http:\/\/ticxar.com\/wp-content\/uploads\/2026\/02\/image-52.png\" alt=\"\" class=\"wp-image-777\"\/><\/figure>\n<\/div><\/div>\n\n<\/div><\/div>\n\n<style>.kb-row-layout-id770_bf3e8b-ae > .kt-row-column-wrap{align-content:center;}:where(.kb-row-layout-id770_bf3e8b-ae > .kt-row-column-wrap) > .wp-block-kadence-column{justify-content:center;}.kb-row-layout-id770_bf3e8b-ae > .kt-row-column-wrap{column-gap:var(--global-kb-gap-md, 2rem);row-gap:var(--global-kb-gap-md, 2rem);max-width:var( --global-content-width, 1290px );padding-left:var(--global-content-edge-padding);padding-right:var(--global-content-edge-padding);padding-top:var(--global-kb-spacing-sm, 1.5rem);padding-bottom:var(--global-kb-spacing-sm, 1.5rem);grid-template-columns:minmax(0, calc(45% - ((var(--global-kb-gap-md, 2rem) * 1 )\/2)))minmax(0, calc(55% - ((var(--global-kb-gap-md, 2rem) * 1 )\/2)));}.kb-row-layout-id770_bf3e8b-ae > .kt-row-layout-overlay{opacity:0.30;}@media all and (max-width: 1024px){.kb-row-layout-id770_bf3e8b-ae > .kt-row-column-wrap{grid-template-columns:minmax(0, 1fr) minmax(0, 2fr);}}@media all and (max-width: 767px){.kb-row-layout-id770_bf3e8b-ae > .kt-row-column-wrap{padding-right:0px;padding-left:0px;grid-template-columns:minmax(0, 1fr);}.kb-row-layout-id770_bf3e8b-ae > .kt-row-column-wrap > .wp-block-kadence-column:nth-child(1 of *:not(style)){order:2;}.kb-row-layout-id770_bf3e8b-ae > .kt-row-column-wrap > .wp-block-kadence-column:nth-child(2 of *:not(style)){order:1;}.kb-row-layout-id770_bf3e8b-ae > .kt-row-column-wrap > .wp-block-kadence-column:nth-child(3 of *:not(style)){order:12;}.kb-row-layout-id770_bf3e8b-ae > .kt-row-column-wrap > .wp-block-kadence-column:nth-child(4 of *:not(style)){order:11;}.kb-row-layout-id770_bf3e8b-ae > .kt-row-column-wrap > .wp-block-kadence-column:nth-child(5 of *:not(style)){order:22;}.kb-row-layout-id770_bf3e8b-ae > .kt-row-column-wrap > .wp-block-kadence-column:nth-child(6 of *:not(style)){order:21;}.kb-row-layout-id770_bf3e8b-ae > .kt-row-column-wrap > .wp-block-kadence-column:nth-child(7 of *:not(style)){order:32;}.kb-row-layout-id770_bf3e8b-ae > .kt-row-column-wrap > .wp-block-kadence-column:nth-child(8 of *:not(style)){order:31;}}<\/style><div class=\"kb-row-layout-wrap kb-row-layout-id770_bf3e8b-ae alignnone wp-block-kadence-rowlayout\"><div class=\"kt-row-column-wrap kt-has-2-columns kt-row-layout-right-golden kt-tab-layout-inherit kt-mobile-layout-row kt-row-valign-middle kb-theme-content-width\">\n<style>.kadence-column770_8b0d73-05 > .kt-inside-inner-col,.kadence-column770_8b0d73-05 > .kt-inside-inner-col:before{border-top-left-radius:0px;border-top-right-radius:0px;border-bottom-right-radius:0px;border-bottom-left-radius:0px;}.kadence-column770_8b0d73-05 > .kt-inside-inner-col{column-gap:var(--global-kb-gap-sm, 1rem);}.kadence-column770_8b0d73-05 > .kt-inside-inner-col{flex-direction:column;}.kadence-column770_8b0d73-05 > .kt-inside-inner-col > .aligncenter{width:100%;}.kadence-column770_8b0d73-05 > .kt-inside-inner-col:before{opacity:0.3;}.kadence-column770_8b0d73-05{position:relative;}@media all and (max-width: 1024px){.kadence-column770_8b0d73-05 > .kt-inside-inner-col{flex-direction:column;justify-content:center;}}@media all and (max-width: 767px){.kadence-column770_8b0d73-05 > .kt-inside-inner-col{flex-direction:column;justify-content:center;}}<\/style>\n<div class=\"wp-block-kadence-column kadence-column770_8b0d73-05\"><div class=\"kt-inside-inner-col\">\n<figure class=\"wp-block-image size-full\"><img decoding=\"async\" src=\"http:\/\/ticxar.com\/wp-content\/uploads\/2026\/02\/image-51.png\" alt=\"\" class=\"wp-image-778\"\/><\/figure>\n<\/div><\/div>\n\n\n<style>.kadence-column770_058651-f5 > .kt-inside-inner-col,.kadence-column770_058651-f5 > .kt-inside-inner-col:before{border-top-left-radius:0px;border-top-right-radius:0px;border-bottom-right-radius:0px;border-bottom-left-radius:0px;}.kadence-column770_058651-f5 > .kt-inside-inner-col{column-gap:var(--global-kb-gap-sm, 1rem);}.kadence-column770_058651-f5 > .kt-inside-inner-col{flex-direction:column;}.kadence-column770_058651-f5 > .kt-inside-inner-col > .aligncenter{width:100%;}.kadence-column770_058651-f5 > .kt-inside-inner-col:before{opacity:0.3;}.kadence-column770_058651-f5{position:relative;}@media all and (max-width: 1024px){.kadence-column770_058651-f5 > .kt-inside-inner-col{flex-direction:column;justify-content:center;}}@media all and (max-width: 767px){.kadence-column770_058651-f5 > .kt-inside-inner-col{flex-direction:column;justify-content:center;}}<\/style>\n<div class=\"wp-block-kadence-column kadence-column770_058651-f5\"><div class=\"kt-inside-inner-col\">\n<h2 class=\"wp-block-heading\">Security Ready<\/h2>\n\n\n\n<p>42Crunch garantiza que todas sus API cumplan con los est\u00e1ndares de seguridad necesarios antes de su implementaci\u00f3n. Realice una auditor\u00eda de seguridad del contrato OpenAPI, analice los endpoints de la API en vivo para detectar posibles vulnerabilidades y automatice la reimplementaci\u00f3n de las pol\u00edticas de protecci\u00f3n en tiempo de ejecuci\u00f3n con cada cambio de API, garantizando as\u00ed la agilidad y la implementaci\u00f3n de una arquitectura de confianza cero.<br><br>Modelo de seguridad positiva de nuestro Firewall de API , y las pol\u00edticas se adaptan autom\u00e1ticamente a cada API. Esto pr\u00e1cticamente elimina los falsos positivos y negativos, y no requiere entrenar a la IA durante semanas para que aprenda el modelo.<\/p>\n<\/div><\/div>\n\n<\/div><\/div>\n\n<style>.kb-row-layout-id770_2b1e6d-84 > .kt-row-column-wrap{align-content:center;}:where(.kb-row-layout-id770_2b1e6d-84 > .kt-row-column-wrap) > .wp-block-kadence-column{justify-content:center;}.kb-row-layout-id770_2b1e6d-84 > .kt-row-column-wrap{column-gap:var(--global-kb-gap-md, 2rem);row-gap:var(--global-kb-gap-md, 2rem);max-width:var( --global-content-width, 1290px );padding-left:var(--global-content-edge-padding);padding-right:var(--global-content-edge-padding);padding-top:var(--global-kb-spacing-sm, 1.5rem);padding-bottom:var(--global-kb-spacing-sm, 1.5rem);grid-template-columns:minmax(0, calc(45% - ((var(--global-kb-gap-md, 2rem) * 1 )\/2)))minmax(0, calc(55% - ((var(--global-kb-gap-md, 2rem) * 1 )\/2)));}.kb-row-layout-id770_2b1e6d-84 > .kt-row-layout-overlay{opacity:0.30;}@media all and (max-width: 1024px){.kb-row-layout-id770_2b1e6d-84 > .kt-row-column-wrap{grid-template-columns:minmax(0, 1fr) minmax(0, 2fr);}}@media all and (max-width: 767px){.kb-row-layout-id770_2b1e6d-84 > .kt-row-column-wrap{padding-right:0px;padding-left:0px;grid-template-columns:minmax(0, 1fr);}}<\/style><div class=\"kb-row-layout-wrap kb-row-layout-id770_2b1e6d-84 alignnone wp-block-kadence-rowlayout\"><div class=\"kt-row-column-wrap kt-has-2-columns kt-row-layout-right-golden kt-tab-layout-inherit kt-mobile-layout-row kt-row-valign-middle kb-theme-content-width\">\n<style>.kadence-column770_451912-07 > .kt-inside-inner-col,.kadence-column770_451912-07 > .kt-inside-inner-col:before{border-top-left-radius:0px;border-top-right-radius:0px;border-bottom-right-radius:0px;border-bottom-left-radius:0px;}.kadence-column770_451912-07 > .kt-inside-inner-col{column-gap:var(--global-kb-gap-sm, 1rem);}.kadence-column770_451912-07 > .kt-inside-inner-col{flex-direction:column;}.kadence-column770_451912-07 > .kt-inside-inner-col > .aligncenter{width:100%;}.kadence-column770_451912-07 > .kt-inside-inner-col:before{opacity:0.3;}.kadence-column770_451912-07{position:relative;}@media all and (max-width: 1024px){.kadence-column770_451912-07 > .kt-inside-inner-col{flex-direction:column;justify-content:center;}}@media all and (max-width: 767px){.kadence-column770_451912-07 > .kt-inside-inner-col{flex-direction:column;justify-content:center;}}<\/style>\n<div class=\"wp-block-kadence-column kadence-column770_451912-07\"><div class=\"kt-inside-inner-col\">\n<h2 class=\"wp-block-heading\">APIs Enabling Open Banking and Third-Party Integrations<\/h2>\n\n\n\n<p>Las API han sido el motor principal de la transformaci\u00f3n digital en el sector financiero, permitiendo una integraci\u00f3n fluida entre los bancos y las aplicaciones de terceros para ofrecer servicios de vanguardia como la banca m\u00f3vil y el Open Banking. Sin embargo, esta apertura tecnol\u00f3gica representa un desaf\u00edo cr\u00edtico de seguridad; unas interfaces mal protegidas pueden exponer a las instituciones a ciberataques, fraudes y da\u00f1os irreparables a su reputaci\u00f3n, lo que hace que la protecci\u00f3n de las API sea indispensable para mantener la confianza del cliente y la integridad operativa.<br><br>En la actualidad, el sector opera bajo un ecosistema regulatorio sumamente estricto que obliga a las entidades a equilibrar la innovaci\u00f3n con la privacidad de los datos. Normativas como la PSD2, el RGPD y el PCI-DSS exigen que los bancos demuestren una seguridad robusta en sus conexiones para evitar sanciones econ\u00f3micas masivas. En definitiva, la seguridad de las API no es solo una medida t\u00e9cnica de defensa, sino un requisito legal fundamental para garantizar el cumplimiento normativo y la viabilidad de los servicios financieros en la era digital.<\/p>\n<\/div><\/div>\n\n\n<style>.kadence-column770_6dfae1-cc > .kt-inside-inner-col,.kadence-column770_6dfae1-cc > .kt-inside-inner-col:before{border-top-left-radius:0px;border-top-right-radius:0px;border-bottom-right-radius:0px;border-bottom-left-radius:0px;}.kadence-column770_6dfae1-cc > .kt-inside-inner-col{column-gap:var(--global-kb-gap-sm, 1rem);}.kadence-column770_6dfae1-cc > .kt-inside-inner-col{flex-direction:column;}.kadence-column770_6dfae1-cc > .kt-inside-inner-col > .aligncenter{width:100%;}.kadence-column770_6dfae1-cc > .kt-inside-inner-col:before{opacity:0.3;}.kadence-column770_6dfae1-cc{position:relative;}@media all and (max-width: 1024px){.kadence-column770_6dfae1-cc > .kt-inside-inner-col{flex-direction:column;justify-content:center;}}@media all and (max-width: 767px){.kadence-column770_6dfae1-cc > .kt-inside-inner-col{flex-direction:column;justify-content:center;}}<\/style>\n<div class=\"wp-block-kadence-column kadence-column770_6dfae1-cc\"><div class=\"kt-inside-inner-col\">\n<figure class=\"wp-block-image size-full\"><img decoding=\"async\" src=\"http:\/\/ticxar.com\/wp-content\/uploads\/2026\/02\/image-53.png\" alt=\"\" class=\"wp-image-775\"\/><\/figure>\n<\/div><\/div>\n\n<\/div><\/div>\n\n\n<p><\/p>","protected":false},"excerpt":{"rendered":"<p>ARO; en el contexto de Microsoft se refiere principalmente a&nbsp;Azure Red Hat OpenShift, un servicio gestionado en la nube que combina la plataforma Kubernetes de Red Hat OpenShift con la infraestructura de Microsoft Azure para la gesti\u00f3n de aplicaciones nativas en la nube, siendo una soluci\u00f3n de nivel empresarial para contenedores. CI\/CD 42Crunch API Audit&nbsp;&#8230;<\/p>","protected":false},"author":1,"featured_media":0,"parent":0,"menu_order":0,"comment_status":"closed","ping_status":"closed","template":"","meta":{"_kad_post_transparent":"","_kad_post_title":"","_kad_post_layout":"fullwidth","_kad_post_sidebar_id":"","_kad_post_content_style":"","_kad_post_vertical_padding":"","_kad_post_feature":"","_kad_post_feature_position":"","_kad_post_header":false,"_kad_post_footer":false,"_kad_post_classname":"","footnotes":""},"class_list":["post-770","page","type-page","status-publish","hentry"],"_links":{"self":[{"href":"http:\/\/ticxar.com\/en\/wp-json\/wp\/v2\/pages\/770","targetHints":{"allow":["GET"]}}],"collection":[{"href":"http:\/\/ticxar.com\/en\/wp-json\/wp\/v2\/pages"}],"about":[{"href":"http:\/\/ticxar.com\/en\/wp-json\/wp\/v2\/types\/page"}],"author":[{"embeddable":true,"href":"http:\/\/ticxar.com\/en\/wp-json\/wp\/v2\/users\/1"}],"replies":[{"embeddable":true,"href":"http:\/\/ticxar.com\/en\/wp-json\/wp\/v2\/comments?post=770"}],"version-history":[{"count":7,"href":"http:\/\/ticxar.com\/en\/wp-json\/wp\/v2\/pages\/770\/revisions"}],"predecessor-version":[{"id":1243,"href":"http:\/\/ticxar.com\/en\/wp-json\/wp\/v2\/pages\/770\/revisions\/1243"}],"wp:attachment":[{"href":"http:\/\/ticxar.com\/en\/wp-json\/wp\/v2\/media?parent=770"}],"curies":[{"name":"wp","href":"https:\/\/api.w.org\/{rel}","templated":true}]}}